{"id":265,"date":"2025-11-25T09:58:14","date_gmt":"2025-11-25T08:58:14","guid":{"rendered":"https:\/\/revorama-media.fr\/?page_id=265"},"modified":"2025-11-25T09:58:15","modified_gmt":"2025-11-25T08:58:15","slug":"votre-projet","status":"publish","type":"page","link":"https:\/\/revorama-media.fr\/?page_id=265","title":{"rendered":"Votre projet"},"content":{"rendered":"\t\t<div data-elementor-type=\"wp-page\" data-elementor-id=\"265\" class=\"elementor elementor-265\" data-elementor-post-type=\"page\">\n\t\t\t\t<div class=\"elementor-element elementor-element-ae4295a e-flex e-con-boxed e-con e-parent\" data-id=\"ae4295a\" data-element_type=\"container\">\n\t\t\t\t\t<div class=\"e-con-inner\">\n\t\t<div class=\"elementor-element elementor-element-030ef0b e-con-full e-flex e-con e-child\" data-id=\"030ef0b\" data-element_type=\"container\">\n\t\t\t\t<div class=\"elementor-element elementor-element-89d704f elementor-button-align-stretch elementor-widget elementor-widget-form\" data-id=\"89d704f\" data-element_type=\"widget\" data-settings=\"{&quot;step_next_label&quot;:&quot;Next&quot;,&quot;step_previous_label&quot;:&quot;Previous&quot;,&quot;button_width&quot;:&quot;100&quot;,&quot;step_type&quot;:&quot;number_text&quot;,&quot;step_icon_shape&quot;:&quot;circle&quot;}\" data-widget_type=\"form.default\">\n\t\t\t\t\t\t\t<form class=\"elementor-form\" method=\"post\" name=\"New Form\" aria-label=\"New Form\">\n\t\t\t<input type=\"hidden\" name=\"post_id\" value=\"265\"\/>\n\t\t\t<input type=\"hidden\" name=\"form_id\" value=\"89d704f\"\/>\n\t\t\t<input type=\"hidden\" name=\"referer_title\" value=\"Votre projet - Agence vid\u00e9o Lyon\" \/>\n\n\t\t\t\t\t\t\t<input type=\"hidden\" name=\"queried_id\" value=\"265\"\/>\n\t\t\t\n\t\t\t<div class=\"elementor-form-fields-wrapper elementor-labels-above\">\n\t\t\t\t\t\t\t\t<div class=\"elementor-field-type-text elementor-field-group elementor-column elementor-field-group-name elementor-col-100 elementor-field-required elementor-mark-required\">\n\t\t\t\t\t\t\t\t\t\t\t\t<label for=\"form-field-name\" class=\"elementor-field-label\">\n\t\t\t\t\t\t\t\tName\t\t\t\t\t\t\t<\/label>\n\t\t\t\t\t\t\t\t\t\t\t\t\t\t<input size=\"1\" type=\"text\" name=\"form_fields[name]\" id=\"form-field-name\" class=\"elementor-field elementor-size-md  elementor-field-textual\" placeholder=\"Name\" required=\"required\">\n\t\t\t\t\t\t\t\t\t\t\t<\/div>\n\t\t\t\t\t\t\t\t<div class=\"elementor-field-type-text elementor-field-group elementor-column elementor-field-group-field_da5091b elementor-col-100\">\n\t\t\t\t\t\t\t\t\t\t\t\t<label for=\"form-field-field_da5091b\" class=\"elementor-field-label\">\n\t\t\t\t\t\t\t\tSociet\u00e9\t\t\t\t\t\t\t<\/label>\n\t\t\t\t\t\t\t\t\t\t\t\t\t\t<input size=\"1\" type=\"text\" name=\"form_fields[field_da5091b]\" id=\"form-field-field_da5091b\" class=\"elementor-field elementor-size-md  elementor-field-textual\">\n\t\t\t\t\t\t\t\t\t\t\t<\/div>\n\t\t\t\t\t\t\t\t<div class=\"elementor-field-type-email elementor-field-group elementor-column elementor-field-group-email elementor-col-100 elementor-field-required elementor-mark-required\">\n\t\t\t\t\t\t\t\t\t\t\t\t<label for=\"form-field-email\" class=\"elementor-field-label\">\n\t\t\t\t\t\t\t\tEmail\t\t\t\t\t\t\t<\/label>\n\t\t\t\t\t\t\t\t\t\t\t\t\t\t<input size=\"1\" type=\"email\" name=\"form_fields[email]\" id=\"form-field-email\" class=\"elementor-field elementor-size-md  elementor-field-textual\" placeholder=\"Email\" required=\"required\">\n\t\t\t\t\t\t\t\t\t\t\t<\/div>\n\t\t\t\t\t\t\t\t<div class=\"elementor-field-type-text elementor-field-group elementor-column elementor-field-group-field_964aea5 elementor-col-100 elementor-field-required elementor-mark-required\">\n\t\t\t\t\t\t\t\t\t\t\t\t<label for=\"form-field-field_964aea5\" class=\"elementor-field-label\">\n\t\t\t\t\t\t\t\tNum\u00e9ro de t\u00e9l\u00e9phone\t\t\t\t\t\t\t<\/label>\n\t\t\t\t\t\t\t\t\t\t\t\t\t\t<input size=\"1\" type=\"text\" name=\"form_fields[field_964aea5]\" id=\"form-field-field_964aea5\" class=\"elementor-field elementor-size-md  elementor-field-textual\" required=\"required\">\n\t\t\t\t\t\t\t\t\t\t\t<\/div>\n\t\t\t\t\t\t\t\t<div class=\"elementor-field-type-textarea elementor-field-group elementor-column elementor-field-group-message elementor-col-100 elementor-field-required elementor-mark-required\">\n\t\t\t\t\t\t\t\t\t\t\t\t<label for=\"form-field-message\" class=\"elementor-field-label\">\n\t\t\t\t\t\t\t\tD\u00e9crivez nous votre projet\t\t\t\t\t\t\t<\/label>\n\t\t\t\t\t\t<textarea class=\"elementor-field-textual elementor-field  elementor-size-md\" name=\"form_fields[message]\" id=\"form-field-message\" rows=\"7\" placeholder=\"Message\" required=\"required\"><\/textarea>\t\t\t\t<\/div>\n\t\t\t\t\t\t\t\t<div class=\"elementor-field-group elementor-column elementor-field-type-submit elementor-col-100 e-form__buttons\">\n\t\t\t\t\t<button class=\"elementor-button elementor-size-sm\" type=\"submit\">\n\t\t\t\t\t\t<span class=\"elementor-button-content-wrapper\">\n\t\t\t\t\t\t\t\t\t\t\t\t\t\t\t\t\t\t\t\t\t\t<span class=\"elementor-button-text\">Send<\/span>\n\t\t\t\t\t\t\t\t\t\t\t\t\t<\/span>\n\t\t\t\t\t<\/button>\n\t\t\t\t<\/div>\n\t\t\t<\/div>\n\t\t<\/form>\n\t\t\t\t\t\t<\/div>\n\t\t\t\t<\/div>\n\t\t\t\t\t<\/div>\n\t\t\t\t<\/div>\n\t\t\t\t<\/div>\n\t\t","protected":false},"excerpt":{"rendered":"","protected":false},"author":1,"featured_media":0,"parent":0,"menu_order":0,"comment_status":"closed","ping_status":"closed","template":"","meta":{"footnotes":""},"class_list":["post-265","page","type-page","status-publish","hentry"],"yoast_head":"<!-- This site is optimized with the Yoast SEO plugin v24.0 - https:\/\/yoast.com\/wordpress\/plugins\/seo\/ -->\n<title>Votre projet - Agence vid\u00e9o Lyon<\/title>\n<meta name=\"robots\" content=\"index, follow, max-snippet:-1, max-image-preview:large, max-video-preview:-1\" \/>\n<link rel=\"canonical\" href=\"https:\/\/revorama-media.fr\/?page_id=265\" \/>\n<meta property=\"og:locale\" content=\"fr_FR\" \/>\n<meta property=\"og:type\" content=\"article\" \/>\n<meta property=\"og:title\" content=\"Votre projet - Agence vid\u00e9o Lyon\" \/>\n<meta property=\"og:url\" content=\"https:\/\/revorama-media.fr\/?page_id=265\" \/>\n<meta property=\"og:site_name\" content=\"Agence vid\u00e9o Lyon\" \/>\n<meta property=\"article:modified_time\" content=\"2025-11-25T08:58:15+00:00\" \/>\n<meta property=\"og:image\" content=\"https:\/\/revorama-media.fr\/wp-content\/uploads\/2024\/12\/Reve-1920-x-720-px-1920-x-1080-px-1920-x-500-px-1920-x-350-px-37.png\" \/>\n\t<meta property=\"og:image:width\" content=\"3840\" \/>\n\t<meta property=\"og:image:height\" content=\"1440\" \/>\n\t<meta property=\"og:image:type\" content=\"image\/png\" \/>\n<meta name=\"twitter:card\" content=\"summary_large_image\" \/>\n<script type=\"application\/ld+json\" class=\"yoast-schema-graph\">{\"@context\":\"https:\/\/schema.org\",\"@graph\":[{\"@type\":\"WebPage\",\"@id\":\"https:\/\/revorama-media.fr\/?page_id=265\",\"url\":\"https:\/\/revorama-media.fr\/?page_id=265\",\"name\":\"Votre projet - Agence vid\u00e9o Lyon\",\"isPartOf\":{\"@id\":\"https:\/\/revorama-media.fr\/#website\"},\"datePublished\":\"2025-11-25T08:58:14+00:00\",\"dateModified\":\"2025-11-25T08:58:15+00:00\",\"breadcrumb\":{\"@id\":\"https:\/\/revorama-media.fr\/?page_id=265#breadcrumb\"},\"inLanguage\":\"fr-FR\",\"potentialAction\":[{\"@type\":\"ReadAction\",\"target\":[\"https:\/\/revorama-media.fr\/?page_id=265\"]}]},{\"@type\":\"BreadcrumbList\",\"@id\":\"https:\/\/revorama-media.fr\/?page_id=265#breadcrumb\",\"itemListElement\":[{\"@type\":\"ListItem\",\"position\":1,\"name\":\"Accueil\",\"item\":\"https:\/\/revorama-media.fr\/\"},{\"@type\":\"ListItem\",\"position\":2,\"name\":\"Votre projet\"}]},{\"@type\":\"WebSite\",\"@id\":\"https:\/\/revorama-media.fr\/#website\",\"url\":\"https:\/\/revorama-media.fr\/\",\"name\":\"R\u00eave\",\"description\":\"Agence vid\u00e9o Lyon\",\"publisher\":{\"@id\":\"https:\/\/revorama-media.fr\/#organization\"},\"potentialAction\":[{\"@type\":\"SearchAction\",\"target\":{\"@type\":\"EntryPoint\",\"urlTemplate\":\"https:\/\/revorama-media.fr\/?s={search_term_string}\"},\"query-input\":{\"@type\":\"PropertyValueSpecification\",\"valueRequired\":true,\"valueName\":\"search_term_string\"}}],\"inLanguage\":\"fr-FR\"},{\"@type\":\"Organization\",\"@id\":\"https:\/\/revorama-media.fr\/#organization\",\"name\":\"Agence vid\u00e9o Lyon\",\"alternateName\":\"Agence vid\u00e9o Lyon\",\"url\":\"https:\/\/revorama-media.fr\/\",\"logo\":{\"@type\":\"ImageObject\",\"inLanguage\":\"fr-FR\",\"@id\":\"https:\/\/revorama-media.fr\/#\/schema\/logo\/image\/\",\"url\":\"https:\/\/agencereve.fr\/wp-content\/uploads\/2024\/12\/Reve-1920-x-720-px-1920-x-1080-px-1920-x-500-px-1920-x-350-px-37.png\",\"contentUrl\":\"https:\/\/agencereve.fr\/wp-content\/uploads\/2024\/12\/Reve-1920-x-720-px-1920-x-1080-px-1920-x-500-px-1920-x-350-px-37.png\",\"width\":3840,\"height\":1440,\"caption\":\"Agence vid\u00e9o Lyon\"},\"image\":{\"@id\":\"https:\/\/revorama-media.fr\/#\/schema\/logo\/image\/\"},\"sameAs\":[\"https:\/\/www.instagram.com\/agencereve_\/\",\"https:\/\/www.linkedin.com\/in\/renaud-chassignole-a72422247\/\",\"https:\/\/www.youtube.com\/@renavd_\"]}]}<\/script>\n<!-- \/ Yoast SEO plugin. -->","yoast_head_json":{"title":"Votre projet - Agence vid\u00e9o Lyon","robots":{"index":"index","follow":"follow","max-snippet":"max-snippet:-1","max-image-preview":"max-image-preview:large","max-video-preview":"max-video-preview:-1"},"canonical":"https:\/\/revorama-media.fr\/?page_id=265","og_locale":"fr_FR","og_type":"article","og_title":"Votre projet - Agence vid\u00e9o Lyon","og_url":"https:\/\/revorama-media.fr\/?page_id=265","og_site_name":"Agence vid\u00e9o Lyon","article_modified_time":"2025-11-25T08:58:15+00:00","og_image":[{"width":3840,"height":1440,"url":"https:\/\/revorama-media.fr\/wp-content\/uploads\/2024\/12\/Reve-1920-x-720-px-1920-x-1080-px-1920-x-500-px-1920-x-350-px-37.png","type":"image\/png"}],"twitter_card":"summary_large_image","schema":{"@context":"https:\/\/schema.org","@graph":[{"@type":"WebPage","@id":"https:\/\/revorama-media.fr\/?page_id=265","url":"https:\/\/revorama-media.fr\/?page_id=265","name":"Votre projet - Agence vid\u00e9o Lyon","isPartOf":{"@id":"https:\/\/revorama-media.fr\/#website"},"datePublished":"2025-11-25T08:58:14+00:00","dateModified":"2025-11-25T08:58:15+00:00","breadcrumb":{"@id":"https:\/\/revorama-media.fr\/?page_id=265#breadcrumb"},"inLanguage":"fr-FR","potentialAction":[{"@type":"ReadAction","target":["https:\/\/revorama-media.fr\/?page_id=265"]}]},{"@type":"BreadcrumbList","@id":"https:\/\/revorama-media.fr\/?page_id=265#breadcrumb","itemListElement":[{"@type":"ListItem","position":1,"name":"Accueil","item":"https:\/\/revorama-media.fr\/"},{"@type":"ListItem","position":2,"name":"Votre projet"}]},{"@type":"WebSite","@id":"https:\/\/revorama-media.fr\/#website","url":"https:\/\/revorama-media.fr\/","name":"R\u00eave","description":"Agence vid\u00e9o Lyon","publisher":{"@id":"https:\/\/revorama-media.fr\/#organization"},"potentialAction":[{"@type":"SearchAction","target":{"@type":"EntryPoint","urlTemplate":"https:\/\/revorama-media.fr\/?s={search_term_string}"},"query-input":{"@type":"PropertyValueSpecification","valueRequired":true,"valueName":"search_term_string"}}],"inLanguage":"fr-FR"},{"@type":"Organization","@id":"https:\/\/revorama-media.fr\/#organization","name":"Agence vid\u00e9o Lyon","alternateName":"Agence vid\u00e9o Lyon","url":"https:\/\/revorama-media.fr\/","logo":{"@type":"ImageObject","inLanguage":"fr-FR","@id":"https:\/\/revorama-media.fr\/#\/schema\/logo\/image\/","url":"https:\/\/agencereve.fr\/wp-content\/uploads\/2024\/12\/Reve-1920-x-720-px-1920-x-1080-px-1920-x-500-px-1920-x-350-px-37.png","contentUrl":"https:\/\/agencereve.fr\/wp-content\/uploads\/2024\/12\/Reve-1920-x-720-px-1920-x-1080-px-1920-x-500-px-1920-x-350-px-37.png","width":3840,"height":1440,"caption":"Agence vid\u00e9o Lyon"},"image":{"@id":"https:\/\/revorama-media.fr\/#\/schema\/logo\/image\/"},"sameAs":["https:\/\/www.instagram.com\/agencereve_\/","https:\/\/www.linkedin.com\/in\/renaud-chassignole-a72422247\/","https:\/\/www.youtube.com\/@renavd_"]}]}},"_links":{"self":[{"href":"https:\/\/revorama-media.fr\/index.php?rest_route=\/wp\/v2\/pages\/265","targetHints":{"allow":["GET"]}}],"collection":[{"href":"https:\/\/revorama-media.fr\/index.php?rest_route=\/wp\/v2\/pages"}],"about":[{"href":"https:\/\/revorama-media.fr\/index.php?rest_route=\/wp\/v2\/types\/page"}],"author":[{"embeddable":true,"href":"https:\/\/revorama-media.fr\/index.php?rest_route=\/wp\/v2\/users\/1"}],"replies":[{"embeddable":true,"href":"https:\/\/revorama-media.fr\/index.php?rest_route=%2Fwp%2Fv2%2Fcomments&post=265"}],"version-history":[{"count":1,"href":"https:\/\/revorama-media.fr\/index.php?rest_route=\/wp\/v2\/pages\/265\/revisions"}],"predecessor-version":[{"id":266,"href":"https:\/\/revorama-media.fr\/index.php?rest_route=\/wp\/v2\/pages\/265\/revisions\/266"}],"wp:attachment":[{"href":"https:\/\/revorama-media.fr\/index.php?rest_route=%2Fwp%2Fv2%2Fmedia&parent=265"}],"curies":[{"name":"wp","href":"https:\/\/api.w.org\/{rel}","templated":true}]}}